{"id":21,"date":"2019-08-25T13:52:07","date_gmt":"2019-08-25T13:52:07","guid":{"rendered":"http:\/\/www.spj.rs\/?page_id=21"},"modified":"2022-04-13T09:11:42","modified_gmt":"2022-04-13T09:11:42","slug":"o-nama","status":"publish","type":"page","link":"https:\/\/www.spj.rs\/en\/o-nama\/","title":{"rendered":"\u043e \u043d\u0430\u043c\u0430"},"content":{"rendered":"<div data-elementor-type=\"wp-post\" data-elementor-id=\"21\" class=\"elementor elementor-21\">\n\t\t\t\t\t\t<div class=\"elementor-inner\">\n\t\t\t\t<div class=\"elementor-section-wrap\">\n\t\t\t\t\t\t\t\t\t<section class=\"elementor-section elementor-top-section elementor-element elementor-element-17d587df elementor-section-height-min-height elementor-section-content-middle elementor-section-boxed elementor-section-height-default elementor-section-items-middle\" data-id=\"17d587df\" data-element_type=\"section\" data-settings=\"{&quot;background_background&quot;:&quot;classic&quot;}\">\n\t\t\t\t\t\t\t<div class=\"elementor-background-overlay\"><\/div>\n\t\t\t\t\t\t\t<div class=\"elementor-container elementor-column-gap-default\">\n\t\t\t\t\t\t\t<div class=\"elementor-row\">\n\t\t\t\t\t<div class=\"elementor-column elementor-col-100 elementor-top-column elementor-element elementor-element-5d4c0300\" data-id=\"5d4c0300\" data-element_type=\"column\">\n\t\t\t<div class=\"elementor-column-wrap elementor-element-populated\">\n\t\t\t\t\t\t\t<div class=\"elementor-widget-wrap\">\n\t\t\t\t\t\t<div class=\"elementor-element elementor-element-3f04e2f elementor-widget elementor-widget-heading\" data-id=\"3f04e2f\" data-element_type=\"widget\" data-widget_type=\"heading.default\">\n\t\t\t\t<div class=\"elementor-widget-container\">\n\t\t\t<h2 class=\"elementor-heading-title elementor-size-default\">ABOUT US<\/h2>\t\t<\/div>\n\t\t\t\t<\/div>\n\t\t\t\t\t\t<\/div>\n\t\t\t\t\t<\/div>\n\t\t<\/div>\n\t\t\t\t\t\t\t\t<\/div>\n\t\t\t\t\t<\/div>\n\t\t<\/section>\n\t\t\t\t<section class=\"elementor-section elementor-top-section elementor-element elementor-element-28a63e3a elementor-section-content-middle elementor-section-boxed elementor-section-height-default elementor-section-height-default\" data-id=\"28a63e3a\" data-element_type=\"section\">\n\t\t\t\t\t\t<div class=\"elementor-container elementor-column-gap-no\">\n\t\t\t\t\t\t\t<div class=\"elementor-row\">\n\t\t\t\t\t<div class=\"elementor-column elementor-col-100 elementor-top-column elementor-element elementor-element-7dd4cb6a\" data-id=\"7dd4cb6a\" data-element_type=\"column\">\n\t\t\t<div class=\"elementor-column-wrap elementor-element-populated\">\n\t\t\t\t\t\t\t<div class=\"elementor-widget-wrap\">\n\t\t\t\t\t\t<div class=\"elementor-element elementor-element-66402c3d elementor-widget elementor-widget-heading\" data-id=\"66402c3d\" data-element_type=\"widget\" data-widget_type=\"heading.default\">\n\t\t\t\t<div class=\"elementor-widget-container\">\n\t\t\t<h4 class=\"elementor-heading-title elementor-size-default\">Smederevo is one of the most beautiful and famous Serbian cities. It belongs to the ancient and significant Danubian and Pannonian culture. Smederevo first became the capital of Serbia during the reign of despot (A ruler title in Medieval Serbia, Bulgaria and Greece \u2013 unrelated to despotism in that period) \u0110ura\u0111 Brankovi\u0107 in the first half of the 15th century. It was a cultural centre of the Medieval Serbia, open to important artists.<\/h4>\t\t<\/div>\n\t\t\t\t<\/div>\n\t\t\t\t<div class=\"elementor-element elementor-element-3ba4b259 elementor-widget elementor-widget-text-editor\" data-id=\"3ba4b259\" data-element_type=\"widget\" data-widget_type=\"text-editor.default\">\n\t\t\t\t<div class=\"elementor-widget-container\">\n\t\t\t\t\t\t\t\t<div class=\"elementor-text-editor elementor-clearfix\">\n\t\t\t\t<p>\u041c\u0435\u0452\u0443\u043d\u0430\u0440\u043e\u0434\u043d\u0438 \u0444\u0435\u0441\u0442\u0438\u0432\u0430\u043b \u043f\u043e\u0435\u0437\u0438\u0458\u0435 \u201e\u0421\u043c\u0435\u0434\u0435\u0440\u0435\u0432\u0441\u043a\u0430 \u043f\u0435\u0441\u043d\u0438\u0447\u043a\u0430 \u0458\u0435\u0441\u0435\u043d\u201c \u0443\u0441\u0442\u0430\u043d\u043e\u0432\u0459\u0435\u043d \u0458\u0435 1970. \u0433\u043e\u0434\u0438\u043d\u0435 \u043a\u0430\u043e \u0441\u0443\u0448\u0442\u0438\u043d\u0441\u043a\u0430 \u043f\u043e\u0442\u0440\u0435\u0431\u0430 \u0437\u0430 \u043e\u0447\u0443\u0432\u0430\u045a\u0435\u043c \u043f\u043e\u0435\u0437\u0438\u0458\u0435 \u0438 \u045a\u0435\u043d\u043e\u043c \u0430\u0444\u0438\u0440\u043c\u0430\u0446\u0438\u0458\u043e\u043c. \u0424\u0435\u0441\u0442\u0438\u0432\u0430\u043b \u0458\u0435 \u0443 \u043f\u0440\u043e\u0442\u0435\u043a\u043b\u0438\u0445 50 \u0433\u043e\u0434\u0438\u043d\u0430 \u043e\u043a\u0443\u043f\u0438\u043e \u043f\u0440\u0435\u043a\u043e \u0434\u0432\u0435 \u0445\u0438\u0459\u0430\u0434\u0435 \u043f\u0435\u0441\u043d\u0438\u043a\u0430 \u0438\u0437 \u0441\u0432\u0438\u0445 \u043a\u0440\u0430\u0458\u0435\u0432\u0430 \u0441\u0432\u0435\u0442\u0430 \u0438 \u043e\u0431\u0458\u0430\u0432\u0438\u043e \u0443 \u0435\u0434\u0438\u0446\u0438\u0458\u0430\u043c\u0430 \u043f\u0440\u0435\u043a\u043e \u0447\u0435\u0442\u0438\u0440\u0438 \u0441\u0442\u043e\u0442\u0438\u043d\u0435 \u043a\u045a\u0438\u0433\u0430, \u0430 \u0444\u0435\u0441\u0442\u0438\u0432\u0430\u043b\u0441\u043a\u0435 \u043f\u0440\u043e\u0433\u0440\u0430\u043c\u0435 \u0458\u0435 \u043f\u0440\u0430\u0442\u0438\u043b\u043e \u0432\u0438\u0448\u0435 \u043e\u0434 100.000 \u043f\u043e\u0441\u0435\u0442\u0438\u043b\u0430\u0446\u0430. \u041e\u0441\u0438\u043c \u043d\u0430\u0458\u0443\u0433\u043b\u0435\u0434\u043d\u0438\u0458\u0438\u0445 \u043f\u0435\u0441\u043d\u0438\u043a\u0430 \u043a\u043e\u0458\u0438 \u0434\u043e\u043b\u0430\u0437\u0435 \u043f\u043e \u043f\u043e\u0437\u0438\u0432\u0443 \u043e\u0440\u0433\u0430\u043d\u0438\u0437\u0430\u0442\u043e\u0440\u0430 \u0441\u0430 \u0441\u0432\u0438\u0445 \u043c\u0435\u0440\u0438\u0434\u0438\u0458\u0430\u043d\u0430, \u043f\u0440\u0443\u0436\u0430 \u0441\u0435 \u043f\u0440\u0438\u043b\u0438\u043a\u0430 \u0438 \u043c\u0430\u045a\u0435 \u0430\u0444\u0438\u0440\u043c\u0438\u0441\u0430\u043d\u0438\u043c \u043f\u0435\u0441\u043d\u0438\u0446\u0438\u043c\u0430 \u043a\u043e\u0458\u0438 \u0443\u0447\u0435\u0441\u0442\u0432\u0443\u0458\u0443 \u043d\u0430 \u043a\u043e\u043d\u043a\u0443\u0440\u0441\u0438\u043c\u0430 \u0444\u0435\u0441\u0442\u0438\u0432\u0430\u043b\u0430, \u043a\u0430\u043e \u0438 \u0437\u0430\u0432\u0438\u0447\u0430\u0458\u043d\u0438\u043c \u0430\u0443\u0442\u043e\u0440\u0438\u043c\u0430.<\/p><p>\u0424\u0435\u0441\u0442\u0438\u0432\u0430\u043b\u0441\u043a\u0438 \u043f\u0440\u043e\u0433\u0440\u0430\u043c\u0438 \u0441\u0435 \u043e\u0434\u0440\u0436\u0430\u0432\u0430\u0458\u0443 \u0443 \u043c\u043e\u0434\u0435\u0440\u043d\u043e\u043c \u0437\u0434\u0430\u045a\u0443 \u0426\u0435\u043d\u0442\u0440\u0430 \u0437\u0430 \u043a\u0443\u043b\u0442\u0443\u0440\u0443, \u043f\u0440\u043e\u0441\u0442\u043e\u0440\u0438\u043c\u0430 \u0441\u0440\u0435\u0434\u045a\u043e\u0432\u0435\u043a\u043e\u0432\u043d\u0435 \u0442\u0432\u0440\u0452\u0430\u0432\u0435 \u0434\u0435\u0441\u043f\u043e\u0442\u0430 \u0402\u0443\u0440\u0452\u0430 \u0411\u0440\u0430\u043d\u043a\u043e\u0432\u0438\u045b\u0430, \u0432\u0438\u043b\u0435 \u201e\u0417\u043b\u0430\u0442\u043d\u0438 \u0431\u0440\u0435\u0433\u201c (\u043b\u0435\u0442\u045a\u0438\u043a\u043e\u0432\u0430\u0446 \u0434\u0438\u043d\u0430\u0441\u0442\u0438\u0458\u0435 \u041e\u0431\u0440\u0435\u043d\u043e\u0432\u0438\u045b), \u0434\u0440\u0443\u0433\u0438\u043c \u0443\u0441\u0442\u0430\u043d\u043e\u0432\u0430\u043c\u0430 \u043a\u0443\u043b\u0442\u0443\u0440\u0435, \u043a\u0430\u043e \u0438 \u0448\u043a\u043e\u043b\u0430\u043c\u0430, \u0445\u0443\u043c\u0430\u043d\u0438\u0442\u0430\u0440\u043d\u0438\u043c \u043e\u0440\u0433\u0430\u043d\u0438\u0437\u0430\u0446\u0438\u0458\u0430\u043c\u0430, \u0433\u0440\u0430\u0434\u0441\u043a\u0438\u043c \u0442\u0440\u0433\u043e\u0432\u0438\u043c\u0430&#8230; \u041e \u043f\u0440\u043e\u0433\u0440\u0430\u043c\u0438\u043c\u0430 \u0424\u0435\u0441\u0442\u0438\u0432\u0430\u043b\u0430, \u043d\u0430\u0433\u0440\u0430\u0434\u0430\u043c\u0430, \u043a\u045a\u0438\u0433\u0430\u043c\u0430 \u0438 \u0443\u0447\u0435\u0441\u043d\u0438\u0446\u0438\u043c\u0430 \u043e\u0431\u0458\u0430\u0432\u0459\u0435\u043d\u043e \u0458\u0435 \u0432\u0438\u0448\u0435 \u043e\u0434 \u0445\u0438\u0459\u0430\u0434\u0443 \u0438 \u043f\u0435\u0442\u0441\u0442\u043e \u0447\u043b\u0430\u043d\u0430\u043a\u0430 \u0443 \u043d\u043e\u0432\u0438\u043d\u0430\u043c\u0430, \u0440\u0430\u0434\u0438\u0458\u0441\u043a\u0438\u043c \u0438 \u0442\u0435\u043b\u0435\u0432\u0438\u0437\u0438\u0458\u0441\u043a\u0438\u043c \u0435\u043c\u0438\u0441\u0438\u0458\u0430\u043c\u0430, \u043a\u0430\u043e \u0438 \u043a\u045a\u0438\u0436\u0435\u0432\u043d\u0438\u043c \u043b\u0438\u0441\u0442\u043e\u0432\u0438\u043c\u0430 \u0438 \u0447\u0430\u0441\u043e\u043f\u0438\u0441\u0438\u043c\u0430 \u043d\u0430 \u0441\u0440\u043f\u0441\u043a\u043e\u043c \u0438 \u0434\u0432\u0430\u0434\u0435\u0441\u0435\u0442 \u0438 \u0441\u0435\u0434\u0430\u043c \u0441\u0442\u0440\u0430\u043d\u0438\u0445 \u0458\u0435\u0437\u0438\u043a\u0430.<\/p>\t\t\t\t\t<\/div>\n\t\t\t\t\t\t<\/div>\n\t\t\t\t<\/div>\n\t\t\t\t\t\t<\/div>\n\t\t\t\t\t<\/div>\n\t\t<\/div>\n\t\t\t\t\t\t\t\t<\/div>\n\t\t\t\t\t<\/div>\n\t\t<\/section>\n\t\t\t\t<section class=\"elementor-section elementor-top-section elementor-element elementor-element-3569e07 elementor-section-boxed elementor-section-height-default elementor-section-height-default\" data-id=\"3569e07\" data-element_type=\"section\" data-settings=\"{&quot;background_background&quot;:&quot;classic&quot;}\">\n\t\t\t\t\t\t<div class=\"elementor-container elementor-column-gap-default\">\n\t\t\t\t\t\t\t<div class=\"elementor-row\">\n\t\t\t\t\t<div class=\"elementor-column elementor-col-100 elementor-top-column elementor-element elementor-element-3b8798d\" data-id=\"3b8798d\" data-element_type=\"column\">\n\t\t\t<div class=\"elementor-column-wrap elementor-element-populated\">\n\t\t\t\t\t\t\t<div class=\"elementor-widget-wrap\">\n\t\t\t\t\t\t<div class=\"elementor-element elementor-element-dc98eda elementor-widget elementor-widget-lae-testimonials\" data-id=\"dc98eda\" data-element_type=\"widget\" data-widget_type=\"lae-testimonials.default\">\n\t\t\t\t<div class=\"elementor-widget-container\">\n\t\t\t\n\n<div        class=\"lae-testimonials lae-testimonials-style1 lae-uber-grid-container  lae-grid-auto-column-layout\" >\n\n    \n        \n        \n        \n<div class=\"lae-testimonial  lae-rating-none\" >\n\n    <div class=\"lae-testimonial-text\">\n\n        \n        <p>\u0412\u0435\u0440\u0443\u0458\u0435\u043c \u0443 \u043f\u0435\u0441\u043d\u0438\u0447\u043a\u0443 \u043e\u0431\u0434\u0430\u0440\u0435\u043d\u043e\u0441\u0442 \u043d\u0430\u0448\u0435\u0433 \u043d\u0430\u0440\u043e\u0434\u0430. \u0421\u0432\u0438 \u0441\u043c\u043e \u0443 \u0434\u0443\u0448\u0438 \u043f\u0435\u0441\u043d\u0438\u0446\u0438. \u0418 \u043d\u0435\u045b\u0435 \u0431\u0438\u0442\u0438 \u043a\u0440\u0438\u0437\u0435 \u043f\u043e\u0435\u0437\u0438\u0458\u0435 \u0434\u043e\u043a \u043d\u0430 \u043e\u0432\u0430\u043a\u0432\u0435 \u043f\u0440\u0438\u0440\u0435\u0434\u0431\u0435 \u043e\u0432\u043e\u043b\u0438\u043a\u043e \u0441\u0432\u0435\u0442\u0430 \u0434\u043e\u043b\u0430\u0437\u0438.<\/p>\n    <\/div>\n\n    <div class=\"lae-testimonial-user\">\n\n        <div class=\"lae-image-wrapper\">\n\n            \n            \n                <img width=\"150\" height=\"150\" src=\"https:\/\/www.spj.rs\/wp-content\/uploads\/2019\/08\/desanka-maksimovic-150x150.jpg\" class=\"lae-image full\" alt=\"\" loading=\"lazy\" \/>\n            \n        <\/div><!-- .lae-image-wrapper -->\n\n        <div class=\"lae-user-text\">\n\n            <h4            class=\"lae-author-name\">Desanka Maksimovic<\/h4>\n\n            <div class=\"lae-author-credentials\">Serbian poetess<\/div>\n\n        <\/div><!-- .lae-user-text -->\n\n    <\/div><!-- .lae-testimonial-user -->\n\n<\/div><!-- .lae-testimonial -->\n    \n        \n        \n        \n<div class=\"lae-testimonial  lae-rating-none\" >\n\n    <div class=\"lae-testimonial-text\">\n\n        \n        <p>\u0424\u0435\u0441\u0442\u0438\u0432\u0430\u043b\u0438 \u043f\u043e\u0435\u0437\u0438\u0458\u0435 \u0440\u0430\u0437\u0432\u0438\u0458\u0430\u0458\u0443 \u043f\u0440\u0438\u0458\u0430\u0442\u0435\u0459\u0441\u0442\u0432\u043e \u0438\u0437\u043c\u0435\u0452\u0443 \u043f\u0438\u0441\u0430\u0446\u0430 \u0438 \u043f\u0443\u0431\u043b\u0438\u043a\u0435, \u0441\u0442\u0430\u0440\u0438\u0458\u0438\u0445 \u0438 \u043c\u043b\u0430\u0452\u0438\u0445 \u043f\u0435\u0441\u043d\u0438\u043a\u0430. \u041d\u0430 \u045a\u0438\u043c\u0430 \u0441\u0435 \u043c\u043e\u0433\u0443 \u0443\u043f\u043e\u0437\u043d\u0430\u0442\u0438 \u0444\u0438\u043d\u0438 \u0441\u0430\u045a\u0430\u0440\u0438 \u0437\u0430 \u043a\u043e\u0458\u0435 \u0441\u0435 \u0434\u043e \u0442\u0430\u0434\u0430 \u043d\u0438\u0458\u0435 \u0447\u0443\u043b\u043e.<\/p>\n    <\/div>\n\n    <div class=\"lae-testimonial-user\">\n\n        <div class=\"lae-image-wrapper\">\n\n            \n            \n                <img width=\"150\" height=\"150\" src=\"https:\/\/www.spj.rs\/wp-content\/uploads\/2019\/08\/dobrica-eric-150x150.jpg\" class=\"lae-image full\" alt=\"\" loading=\"lazy\" \/>\n            \n        <\/div><!-- .lae-image-wrapper -->\n\n        <div class=\"lae-user-text\">\n\n            <h4            class=\"lae-author-name\">Dobrica Eric<\/h4>\n\n            <div class=\"lae-author-credentials\">Serbian poet<\/div>\n\n        <\/div><!-- .lae-user-text -->\n\n    <\/div><!-- .lae-testimonial-user -->\n\n<\/div><!-- .lae-testimonial -->\n    \n        \n        \n        \n<div class=\"lae-testimonial  lae-rating-none  lae-animate-on-scroll lae-visible-on-scroll\"  data-animation=\"fadeInLeft\">\n\n    <div class=\"lae-testimonial-text\">\n\n        \n        <p>\u0411\u0438\u043e \u0441\u0430\u043c \u0433\u043e\u0441\u0442 \u0438 \u043d\u0430 \u0440\u0430\u043d\u0438\u0458\u0438\u043c \u0444\u0435\u0441\u0442\u0438\u0432\u0430\u043b\u0438\u043c\u0430 \u201e\u0421\u043c\u0435\u0434\u0435\u0440\u0435\u0432\u0441\u043a\u0435 \u043f\u0435\u0441\u043d\u0438\u0447\u043a\u0435 \u0458\u0435\u0441\u0435\u043d\u0438\u201c. \u0414\u0430 \u043d\u0438\u0458\u0435 \u043e\u0432\u0430\u043a\u0432\u0438\u0445 \u0444\u0435\u0441\u0442\u0438\u0432\u0430\u043b\u0430 \u043f\u043e\u0435\u0437\u0438\u0458\u0435 \u043d\u0435 \u0431\u0438\u0445 \u0437\u043d\u0430\u043e \u0437\u0430 \u043c\u043d\u043e\u0433\u0435 \u043f\u0440\u0435\u0434\u0441\u0442\u0430\u0432\u043d\u0438\u043a\u0435 \u043d\u0430\u0448\u0435 \u0441\u0430\u0432\u0440\u0435\u043c\u0435\u043d\u0435 \u043f\u043e\u0435\u0437\u0438\u0458\u0435. \u0410\u043a\u043e \u0431\u0438 \u0442\u0440\u0435\u0431\u0430\u043b\u043e \u0431\u0440\u0430\u043d\u0438\u0442\u0438 \u0444\u0435\u0441\u0442\u0438\u0432\u0430\u043b\u0435 \u0458\u0430 \u0431\u0438\u0445 \u0441\u0438\u0433\u0443\u0440\u043d\u043e \u0431\u0438\u043e \u0443 \u043f\u0440\u0432\u0438\u043c \u0431\u043e\u0440\u0431\u0435\u043d\u0438\u043c \u0440\u0435\u0434\u043e\u0432\u0438\u043c\u0430. \u0417\u0430\u0445\u0432\u0430\u0459\u0443\u0458\u0443\u045b\u0438 \u045a\u0438\u043c\u0430 \u0459\u0443\u0434\u0438 \u0443\u043f\u043e\u0437\u043d\u0430\u0458\u0443 \u0431\u0440\u043e\u0458\u043d\u0435 \u0437\u043d\u0430\u043d\u0435 \u0438 \u043d\u0435\u0437\u043d\u0430\u043d\u0435 \u043d\u0430\u0448\u0435 \u043f\u0435\u0441\u043d\u0438\u043a\u0435.<\/p>\n    <\/div>\n\n    <div class=\"lae-testimonial-user\">\n\n        <div class=\"lae-image-wrapper\">\n\n            \n            \n                <img width=\"150\" height=\"150\" src=\"https:\/\/www.spj.rs\/wp-content\/uploads\/2019\/08\/dusko-trifunovic-150x150.jpg\" class=\"lae-image full\" alt=\"\" loading=\"lazy\" \/>\n            \n        <\/div><!-- .lae-image-wrapper -->\n\n        <div class=\"lae-user-text\">\n\n            <h4            class=\"lae-author-name\">Dusko Trifunovic<\/h4>\n\n            <div class=\"lae-author-credentials\">Serbian poet<\/div>\n\n        <\/div><!-- .lae-user-text -->\n\n    <\/div><!-- .lae-testimonial-user -->\n\n<\/div><!-- .lae-testimonial -->\n    \n<\/div><!-- .lae-testimonials -->\n\n<div class=\"lae-clear\"><\/div>\t\t<\/div>\n\t\t\t\t<\/div>\n\t\t\t\t\t\t<\/div>\n\t\t\t\t\t<\/div>\n\t\t<\/div>\n\t\t\t\t\t\t\t\t<\/div>\n\t\t\t\t\t<\/div>\n\t\t<\/section>\n\t\t\t\t<section class=\"elementor-section elementor-top-section elementor-element elementor-element-912f105 elementor-section-boxed elementor-section-height-default elementor-section-height-default\" data-id=\"912f105\" data-element_type=\"section\" data-settings=\"{&quot;background_background&quot;:&quot;classic&quot;}\">\n\t\t\t\t\t\t<div class=\"elementor-container elementor-column-gap-default\">\n\t\t\t\t\t\t\t<div class=\"elementor-row\">\n\t\t\t\t\t<div class=\"elementor-column elementor-col-100 elementor-top-column elementor-element elementor-element-6231e85\" data-id=\"6231e85\" data-element_type=\"column\">\n\t\t\t<div class=\"elementor-column-wrap\">\n\t\t\t\t\t\t\t<div class=\"elementor-widget-wrap\">\n\t\t\t\t\t\t\t\t<\/div>\n\t\t\t\t\t<\/div>\n\t\t<\/div>\n\t\t\t\t\t\t\t\t<\/div>\n\t\t\t\t\t<\/div>\n\t\t<\/section>\n\t\t\t\t<section class=\"elementor-section elementor-top-section elementor-element elementor-element-6df05c83 elementor-section-content-top elementor-section-full_width elementor-section-height-default elementor-section-height-default\" data-id=\"6df05c83\" data-element_type=\"section\" data-settings=\"{&quot;background_background&quot;:&quot;classic&quot;,&quot;shape_divider_top&quot;:&quot;mountains&quot;}\">\n\t\t\t\t\t\t\t<div class=\"elementor-background-overlay\"><\/div>\n\t\t\t\t\t\t<div class=\"elementor-shape elementor-shape-top\" data-negative=\"false\">\n\t\t\t<svg xmlns=\"http:\/\/www.w3.org\/2000\/svg\" viewbox=\"0 0 1000 100\" preserveaspectratio=\"none\">\n\t<path class=\"elementor-shape-fill\" opacity=\"0.33\" d=\"M473,67.3c-203.9,88.3-263.1-34-320.3,0C66,119.1,0,59.7,0,59.7V0h1000v59.7 c0,0-62.1,26.1-94.9,29.3c-32.8,3.3-62.8-12.3-75.8-22.1C806,49.6,745.3,8.7,694.9,4.7S492.4,59,473,67.3z\"\/>\n\t<path class=\"elementor-shape-fill\" opacity=\"0.66\" d=\"M734,67.3c-45.5,0-77.2-23.2-129.1-39.1c-28.6-8.7-150.3-10.1-254,39.1 s-91.7-34.4-149.2,0C115.7,118.3,0,39.8,0,39.8V0h1000v36.5c0,0-28.2-18.5-92.1-18.5C810.2,18.1,775.7,67.3,734,67.3z\"\/>\n\t<path class=\"elementor-shape-fill\" d=\"M766.1,28.9c-200-57.5-266,65.5-395.1,19.5C242,1.8,242,5.4,184.8,20.6C128,35.8,132.3,44.9,89.9,52.5C28.6,63.7,0,0,0,0 h1000c0,0-9.9,40.9-83.6,48.1S829.6,47,766.1,28.9z\"\/>\n<\/svg>\t\t<\/div>\n\t\t\t\t\t<div class=\"elementor-container elementor-column-gap-default\">\n\t\t\t\t\t\t\t<div class=\"elementor-row\">\n\t\t\t\t\t<div class=\"elementor-column elementor-col-100 elementor-top-column elementor-element elementor-element-5b12ab80\" data-id=\"5b12ab80\" data-element_type=\"column\">\n\t\t\t<div class=\"elementor-column-wrap elementor-element-populated\">\n\t\t\t\t\t\t\t<div class=\"elementor-widget-wrap\">\n\t\t\t\t\t\t<section class=\"elementor-section elementor-inner-section elementor-element elementor-element-5cc0cc9 elementor-section-boxed elementor-section-height-default elementor-section-height-default\" data-id=\"5cc0cc9\" data-element_type=\"section\">\n\t\t\t\t\t\t<div class=\"elementor-container elementor-column-gap-default\">\n\t\t\t\t\t\t\t<div class=\"elementor-row\">\n\t\t\t\t\t<div class=\"elementor-column elementor-col-100 elementor-inner-column elementor-element elementor-element-d3930e\" data-id=\"d3930e\" data-element_type=\"column\">\n\t\t\t<div class=\"elementor-column-wrap elementor-element-populated\">\n\t\t\t\t\t\t\t<div class=\"elementor-widget-wrap\">\n\t\t\t\t\t\t<div class=\"elementor-element elementor-element-37d6b19d elementor-widget elementor-widget-image\" data-id=\"37d6b19d\" data-element_type=\"widget\" data-widget_type=\"image.default\">\n\t\t\t\t<div class=\"elementor-widget-container\">\n\t\t\t\t\t\t\t\t<div class=\"elementor-image\">\n\t\t\t\t\t\t\t\t\t\t\t\t<img width=\"300\" height=\"76\" src=\"https:\/\/www.spj.rs\/wp-content\/uploads\/2019\/08\/logo-belo-celo-300x76.png\" class=\"attachment-medium size-medium\" alt=\"\" loading=\"lazy\" srcset=\"https:\/\/www.spj.rs\/wp-content\/uploads\/2019\/08\/logo-belo-celo-300x76.png 300w, https:\/\/www.spj.rs\/wp-content\/uploads\/2019\/08\/logo-belo-celo-768x195.png 768w, https:\/\/www.spj.rs\/wp-content\/uploads\/2019\/08\/logo-belo-celo-1024x260.png 1024w\" sizes=\"(max-width: 300px) 100vw, 300px\" \/>\t\t\t\t\t\t\t\t\t\t\t\t\t\t<\/div>\n\t\t\t\t\t\t<\/div>\n\t\t\t\t<\/div>\n\t\t\t\t\t\t<\/div>\n\t\t\t\t\t<\/div>\n\t\t<\/div>\n\t\t\t\t\t\t\t\t<\/div>\n\t\t\t\t\t<\/div>\n\t\t<\/section>\n\t\t\t\t<section class=\"elementor-section elementor-inner-section elementor-element elementor-element-1b956dc8 elementor-section-boxed elementor-section-height-default elementor-section-height-default\" data-id=\"1b956dc8\" data-element_type=\"section\">\n\t\t\t\t\t\t<div class=\"elementor-container elementor-column-gap-no\">\n\t\t\t\t\t\t\t<div class=\"elementor-row\">\n\t\t\t\t\t<div class=\"elementor-column elementor-col-50 elementor-inner-column elementor-element elementor-element-2e619b1b\" data-id=\"2e619b1b\" data-element_type=\"column\">\n\t\t\t<div class=\"elementor-column-wrap elementor-element-populated\">\n\t\t\t\t\t\t\t<div class=\"elementor-widget-wrap\">\n\t\t\t\t\t\t<div class=\"elementor-element elementor-element-419c47f0 elementor-widget elementor-widget-heading\" data-id=\"419c47f0\" data-element_type=\"widget\" data-widget_type=\"heading.default\">\n\t\t\t\t<div class=\"elementor-widget-container\">\n\t\t\t<h2 class=\"elementor-heading-title elementor-size-default\">\u00a9 2019 All rights reserved.<\/h2>\t\t<\/div>\n\t\t\t\t<\/div>\n\t\t\t\t\t\t<\/div>\n\t\t\t\t\t<\/div>\n\t\t<\/div>\n\t\t\t\t<div class=\"elementor-column elementor-col-50 elementor-inner-column elementor-element elementor-element-37b5940b\" data-id=\"37b5940b\" data-element_type=\"column\">\n\t\t\t<div class=\"elementor-column-wrap elementor-element-populated\">\n\t\t\t\t\t\t\t<div class=\"elementor-widget-wrap\">\n\t\t\t\t\t\t<div class=\"elementor-element elementor-element-7fc4e322 elementor-widget elementor-widget-heading\" data-id=\"7fc4e322\" data-element_type=\"widget\" data-widget_type=\"heading.default\">\n\t\t\t\t<div class=\"elementor-widget-container\">\n\t\t\t<h2 class=\"elementor-heading-title elementor-size-default\"><a href=\"http:\/\/artnetstudio.net\/\">Website created by Art net studio<\/a><\/h2>\t\t<\/div>\n\t\t\t\t<\/div>\n\t\t\t\t\t\t<\/div>\n\t\t\t\t\t<\/div>\n\t\t<\/div>\n\t\t\t\t\t\t\t\t<\/div>\n\t\t\t\t\t<\/div>\n\t\t<\/section>\n\t\t\t\t\t\t<\/div>\n\t\t\t\t\t<\/div>\n\t\t<\/div>\n\t\t\t\t\t\t\t\t<\/div>\n\t\t\t\t\t<\/div>\n\t\t<\/section>\n\t\t\t\t\t\t\t\t\t<\/div>\n\t\t\t<\/div>\n\t\t\t\t\t<\/div>","protected":false},"excerpt":{"rendered":"<p>\u041e \u041d\u0410\u041c\u0410 \u0421\u043c\u0435\u0434\u0435\u0440\u0435\u0432\u043e \u0458\u0435 \u0458\u0435\u0434\u0430\u043d \u043e\u0434 \u043d\u0430\u0458\u043b\u0435\u043f\u0448\u0438\u0445 \u0438 \u043d\u0430\u0458\u0441\u043b\u0430\u0432\u043d\u0438\u0458\u0438\u0445 \u0441\u0440\u043f\u0441\u043a\u0438\u0445 \u0433\u0440\u0430\u0434\u043e\u0432\u0430; \u043f\u0440\u0438\u043f\u0430\u0434\u0430 \u0432\u0435\u043e\u043c\u0430 \u0441\u0442\u0430\u0440\u043e\u0458 \u0438 \u0437\u043d\u0430\u0447\u0430\u0458\u043d\u043e\u0458 \u043a\u0443\u043b\u0442\u0443\u0440\u0438 \u041f\u043e\u0434\u0443\u043d\u0430\u0432\u0459\u0430 \u0438 \u041f\u0430\u043d\u043e\u043d\u0438\u0458\u0435. \u041f\u0440\u0432\u0438 \u043f\u0443\u0442 \u0458\u0435 \u043f\u043e\u0441\u0442\u0430\u043b\u043e \u043f\u0440\u0435\u0441\u0442\u043e\u043d\u0438\u0446\u0430 \u0421\u0440\u0431\u0438\u0458\u0435 \u0443 \u0432\u0440\u0435\u043c\u0435 \u0441\u0440\u043f\u0441\u043a\u043e\u0433 \u0434\u0435\u0441\u043f\u043e\u0442\u0430 \u0402\u0443\u0440\u0452\u0430 \u0411\u0440\u0430\u043d\u043a\u043e\u0432\u0438\u045b\u0430 \u0443 \u043f\u0440\u0432\u043e\u0458 \u043f\u043e\u043b\u043e\u0432\u0438\u043d\u0438 \u043f\u0435\u0442\u043d\u0430\u0435\u0441\u0442\u043e\u0433 \u0432\u0435\u043a\u0430. \u041a\u0443\u043b\u0442\u0443\u0440\u043d\u043e \u0458\u0435 \u0441\u0440\u0435\u0434\u0438\u0448\u0442\u0435 \u0441\u0440\u0435\u0434\u045ao\u0432\u0435\u043a\u043e\u0432\u043d\u0435 \u0421\u0440\u0431\u0438\u0458\u0435, \u043e\u0442\u0432\u043e\u0440\u0435\u043d\u043e \u0437\u0430 \u0437\u043d\u0430\u0447\u0430\u0458\u043d\u0435 \u0443\u043c\u0435\u0442\u043d\u0438\u043a\u0435. \u041c\u0435\u0452\u0443\u043d\u0430\u0440\u043e\u0434\u043d\u0438 \u0444\u0435\u0441\u0442\u0438\u0432\u0430\u043b \u043f\u043e\u0435\u0437\u0438\u0458\u0435 \u201e\u0421\u043c\u0435\u0434\u0435\u0440\u0435\u0432\u0441\u043a\u0430 \u043f\u0435\u0441\u043d\u0438\u0447\u043a\u0430 \u0458\u0435\u0441\u0435\u043d\u201c \u0443\u0441\u0442\u0430\u043d\u043e\u0432\u0459\u0435\u043d \u0458\u0435 1970. [&hellip;]<\/p>","protected":false},"author":1,"featured_media":0,"parent":0,"menu_order":0,"comment_status":"closed","ping_status":"closed","template":"","meta":[],"_links":{"self":[{"href":"https:\/\/www.spj.rs\/en\/wp-json\/wp\/v2\/pages\/21"}],"collection":[{"href":"https:\/\/www.spj.rs\/en\/wp-json\/wp\/v2\/pages"}],"about":[{"href":"https:\/\/www.spj.rs\/en\/wp-json\/wp\/v2\/types\/page"}],"author":[{"embeddable":true,"href":"https:\/\/www.spj.rs\/en\/wp-json\/wp\/v2\/users\/1"}],"replies":[{"embeddable":true,"href":"https:\/\/www.spj.rs\/en\/wp-json\/wp\/v2\/comments?post=21"}],"version-history":[{"count":13,"href":"https:\/\/www.spj.rs\/en\/wp-json\/wp\/v2\/pages\/21\/revisions"}],"predecessor-version":[{"id":821,"href":"https:\/\/www.spj.rs\/en\/wp-json\/wp\/v2\/pages\/21\/revisions\/821"}],"wp:attachment":[{"href":"https:\/\/www.spj.rs\/en\/wp-json\/wp\/v2\/media?parent=21"}],"curies":[{"name":"wp","href":"https:\/\/api.w.org\/{rel}","templated":true}]}}